{"id":1166,"date":"2025-09-10T15:20:55","date_gmt":"2025-09-10T13:20:55","guid":{"rendered":"https:\/\/landler-ahrntal.it\/informativa-sulla-privacy\/"},"modified":"2025-10-06T13:29:26","modified_gmt":"2025-10-06T11:29:26","slug":"informativa-sulla-privacy","status":"publish","type":"page","link":"https:\/\/landler-ahrntal.it\/it\/informativa-sulla-privacy\/","title":{"rendered":"Informativa sulla privacy"},"content":{"rendered":"\n<p>I dati personali (di seguito generalmente denominati solo &#8220;dati&#8221;) vengono trattati da noi solo nella misura necessaria e allo scopo di fornire un sito Internet funzionante e user-friendly, inclusi i suoi contenuti e i servizi offerti.<\/p>\n\n<p>Ai sensi dell&#8217;art. 4, paragrafo 1, del Regolamento (UE) 2016\/679, ossia del Regolamento generale sulla protezione dei dati (di seguito denominato solo &#8220;GDPR&#8221;), per &#8220;trattamento&#8221; si intende qualsiasi operazione o insieme di operazioni effettuate con o senza l&#8217;ausilio di processi automatizzati e relative a dati personali, come la raccolta, la registrazione, l&#8217;organizzazione, la classificazione, la memorizzazione, l&#8217;adattamento o la modifica, l&#8217;estrazione, l&#8217;interrogazione, l&#8217;uso, la comunicazione mediante trasmissione, diffusione o qualsiasi altra forma di messa a disposizione, il confronto o l&#8217;associazione, la limitazione, la cancellazione o la distruzione.<\/p>\n\n<p>Con la seguente informativa sulla privacy La informiamo in particolare sul tipo, l&#8217;estensione, lo scopo, la durata e la base giuridica del trattamento dei dati personali, nella misura in cui decidiamo da soli o insieme ad altri sulle finalit\u00e0 e i mezzi del trattamento. Inoltre, La informiamo di seguito sui componenti di terze parti utilizzati da noi a scopo di ottimizzazione e per migliorare la qualit\u00e0 dell&#8217;utilizzo, nella misura in cui terzi trattano a loro volta i dati sotto la propria responsabilit\u00e0. <\/p>\n\n<p>La nostra informativa sulla privacy \u00e8 strutturata come segue: <\/p>\n\n<p>I. Informazioni su di noi come responsabili<br\/>II. Diritti degli utenti e degli interessati<br\/>III. Informazioni sul trattamento dei dati<\/p>\n\n<h3 class=\"wp-block-heading\">I. Informazioni su di noi come responsabili<\/h3>\n\n<p>Il responsabile di questo sito Internet ai sensi della normativa sulla protezione dei dati \u00e8:<\/p>\n\n<p><strong>Lissy Leitner<\/strong><\/p>\n\n<p>Sankt Johann &#8211; Gisse 103<br\/>I-39030 Valle Aurina<\/p>\n\n<p>Email:<a href=\"mailto:info@landler-ahrntal.it\"> info@landler-ahrntal.it<\/a><br\/>Telefono: +39 3475835376<\/p>\n\n<h3 class=\"wp-block-heading\">II. Diritti degli utenti e delle persone interessate<\/h3>\n\n<p>In considerazione del trattamento dei dati descritto pi\u00f9 dettagliatamente di seguito, gli utenti e gli interessati hanno il diritto<\/p>\n\n<ul class=\"wp-block-list\">\n<li>sulla conferma se i dati in questione siano trattati, sul diritto di accesso ai dati trattati, su ulteriori informazioni sul trattamento dei dati e sulle copie dei dati (cfr. anche art. 15 GDPR);<\/li>\n\n\n\n<li>alla rettifica o al completamento dei dati inesatti o incompleti (cfr. anche art. 16 GDPR);<\/li>\n\n\n\n<li>alla cancellazione immediata dei dati che la riguardano (cfr. anche art. 17 GDPR), oppure, in alternativa, qualora sia necessaria un\u2019ulteriore elaborazione ai sensi dell\u2019art. 17, comma 3, GDPR, alla limitazione del trattamento secondo quanto previsto dall\u2019art. 18 GDPR; <\/li>\n\n\n\n<li>al ricevimento dei dati che li riguardano e che essi stessi hanno fornito e alla trasmissione di tali dati ad altri fornitori\/responsabili (cfr. anche art. 20 GDPR);<\/li>\n\n\n\n<li>presentare un reclamo all&#8217;autorit\u00e0 di vigilanza, qualora ritengano che i dati che li riguardano siano trattati dal fornitore in violazione delle disposizioni sulla protezione dei dati (cfr. anche art. 77 GDPR).<\/li>\n<\/ul>\n\n<p>Inoltre, il fornitore \u00e8 tenuto a informare tutti i destinatari ai quali i dati sono stati resi noti dal fornitore di qualsiasi rettifica o cancellazione dei dati o della limitazione del trattamento effettuata ai sensi degli articoli 16, 17, paragrafo 1, 18 del GDPR. Tuttavia, tale obbligo non sussiste nei casi in cui tale comunicazione sia impossibile o comporti uno sforzo sproporzionato. Fatto salvo quanto sopra, l&#8217;utente ha il diritto di ottenere informazioni su tali destinatari.   <\/p>\n\n<p>Anche gli utenti e gli interessati hanno, ai sensi dell&#8217;art. 21 del GDPR, il diritto di opporsi al trattamento futuro dei dati che li riguardano, qualora i dati siano trattati dal fornitore ai sensi dell&#8217;art. 6, par. 1, lett. f) del GDPR. In particolare, \u00e8 consentita un&#8217;opposizione al trattamento dei dati per scopi di marketing diretto.   <\/p>\n\n<h3 class=\"wp-block-heading\">III. Informazioni sul trattamento dei dati<\/h3>\n\n<p>I dati da voi forniti durante l&#8217;utilizzo del nostro sito Internet vengono cancellati o bloccati non appena viene meno lo scopo della conservazione, a condizione che la legge non imponga obblighi di conservazione dei dati e salvo indicazioni diverse relative a specifiche procedure di trattamento.<\/p>\n\n<h4 class=\"wp-block-heading\">Dati del server<\/h4>\n\n<p>Per motivi tecnici, in particolare per garantire un sito Internet sicuro e stabile, i dati vengono trasmessi a noi o al nostro provider di web space attraverso il vostro browser Internet. Con questi cosiddetti file di log del server vengono raccolti, tra l&#8217;altro, il tipo e la versione del vostro browser Internet, il sistema operativo, il sito web dal quale avete navigato al nostro sito (URL di riferimento), il\/i sito\/i del nostro portale che visitate, la data e l&#8217;ora di ciascun accesso, nonch\u00e9 l&#8217;indirizzo IP della connessione Internet da cui viene effettuato l&#8217;accesso al nostro sito. <\/p>\n\n<p>Questi dati raccolti in tal modo vengono temporaneamente memorizzati, ma non insieme ad altri dati personali.<\/p>\n\n<p>Questa memorizzazione avviene sulla base giuridica dell&#8217;art. 6, comma 1, lettera f) del GDPR. Il nostro interesse legittimo risiede nel miglioramento, nella stabilit\u00e0, nella funzionalit\u00e0 e nella sicurezza del nostro sito web.   <\/p>\n\n<p>I dati saranno cancellati al pi\u00f9 tardi dopo sette giorni, salvo che non sia necessaria una conservazione ulteriore a fini probatori. In caso contrario, i dati saranno esentati dalla cancellazione, totalmente o parzialmente, fino alla risoluzione definitiva di un incidente. <\/p>\n\n<h4 class=\"wp-block-heading\">Cookies<\/h4>\n\n<h5 class=\"wp-block-heading\">a) Session-Cookies<\/h5>\n\n<p>Utilizziamo nel nostro sito Internet i cosiddetti cookie. I cookie sono piccoli file di testo o altre tecnologie di archiviazione che vengono collocate e memorizzate sul vostro dispositivo dal browser Internet che utilizzate. Questi cookie elaborano, in misura individuale, determinate informazioni su di voi, come ad esempio i dati del vostro browser o della vostra posizione o il vostro indirizzo IP.  <\/p>\n\n<p>Attraverso questo trattamento, il nostro sito web diventa pi\u00f9 user-friendly, efficace e sicuro, poich\u00e9 il trattamento consente, ad esempio, la visualizzazione del nostro sito in diverse lingue o l&#8217;offerta di una funzione carrello. <\/p>\n\n<p>La base giuridica di questo trattamento \u00e8 l&#8217;art. 6, par. 1, lett. b) del GDPR, qualora questi cookie elaborino dati per l&#8217;avvio o l&#8217;esecuzione di un contratto.<\/p>\n\n<p>Se il trattamento non serve all&#8217;avvio o all&#8217;esecuzione di un contratto, il nostro interesse legittimo consiste nel miglioramento della funzionalit\u00e0 del nostro sito web. La base giuridica \u00e8 in tal caso l&#8217;art. 6 comma 1 lettera f) del GDPR.   <\/p>\n\n<p>Chiudendo il tuo browser Internet, questi cookie di sessione verranno eliminati.<\/p>\n\n<h5 class=\"wp-block-heading\">b) 3rd Party-Cookies<\/h5>\n\n<p>Eventualmente, sul nostro sito web vengono utilizzati anche cookie di aziende partner, con le quali collaboriamo per scopi pubblicitari, di analisi o funzionalit\u00e0 del nostro sito web.<\/p>\n\n<p>Per i dettagli a riguardo, in particolare riguardo agli scopi e alle basi giuridiche del trattamento di tali cookie di terze parti, si prega di consultare le informazioni riportate di seguito.<\/p>\n\n<h5 class=\"wp-block-heading\">c) Possibilit\u00e0 di eliminazione<\/h5>\n\n<p>\u00c8 possibile impedire o limitare l&#8217;installazione dei cookie tramite le impostazioni del browser internet. Inoltre, \u00e8 possibile eliminare in qualsiasi momento i cookie gi\u00e0 salvati. I passaggi e le misure necessari dipendono tuttavia dal browser internet specifico che utilizzate. In caso di domande, si prega di utilizzare la funzione di assistenza o la documentazione del browser internet o di contattare il produttore o il supporto tecnico. Tuttavia, per i cosiddetti flash cookie, il trattamento non pu\u00f2 essere impedito tramite le impostazioni del browser. In tal caso, \u00e8 necessario modificare le impostazioni del Flash Player. Anche in questo caso, i passaggi e le misure necessari dipendono dal Flash Player specifico in uso. In caso di domande, si consiglia pertanto di utilizzare la funzione di assistenza o la documentazione del Flash Player o di contattare il produttore o il supporto tecnico.       <\/p>\n\n<p>Tuttavia, se decidete di impedire o limitare l&#8217;installazione dei cookie, ci\u00f2 potrebbe comportare che non tutte le funzioni del nostro sito web siano pienamente utilizzabili.<\/p>\n\n<h4 class=\"wp-block-heading\">Gestione dei contratti<\/h4>\n\n<p>I dati da Lei forniti per usufruire della nostra offerta di servizi sono trattati da noi ai fini dell&#8217;esecuzione del contratto e sono necessari a tale scopo. La conclusione e l&#8217;esecuzione del contratto non sono possibili senza la fornitura dei Suoi dati. <\/p>\n\n<p>La base giuridica per il trattamento \u00e8 l&#8217;art. 6, par. 1, lett. b) del GDPR.  <\/p>\n\n<p>Cancelliamo i dati con l&#8217;esecuzione completa del contratto, ma dobbiamo tenere conto dei termini di conservazione fiscali e commerciali.<\/p>\n\n<p>Nel contesto dell&#8217;elaborazione del contratto, trasmettiamo i tuoi dati all&#8217;azienda di trasporto incaricata della consegna della merce o al servizio finanziario, nella misura in cui la trasmissione sia necessaria per la consegna della merce o per scopi di pagamento.<\/p>\n\n<p>La base giuridica per la trasmissione dei dati \u00e8 allora l&#8217;art. 6, par. 1, lett. b) del GDPR.  <\/p>\n\n<h4 class=\"wp-block-heading\">Google Analytics<\/h4>\n\n<p>Nel nostro sito web utilizziamo Google Analytics. Si tratta di un servizio di analisi web di Google Ireland Limited, Gordon House, Barrow Street, Dublino 4, Irlanda, di seguito denominato semplicemente &#8220;Google&#8221;. <\/p>\n\n<p>Attraverso la certificazione secondo il Sigillo per la protezione dei dati EU-USA (\u201eEU-US Privacy Shield\u201c)<\/p>\n\n<p><a href=\"https:\/\/www.privacyshield.gov\/participant?id=a2zt000000001L5AAI&amp;status=Active\" target=\"_blank\" rel=\"noreferrer noopener nofollow\">https:\/\/www.privacyshield.gov\/participant?id=a2zt000000001L5AAI&amp;status=Active<\/a><\/p>\n\n<p>Google garantisce che le normative sulla protezione dei dati dell&#8217;UE siano rispettate anche quando i dati vengono trattati negli Stati Uniti.<\/p>\n\n<p>Il servizio Google Analytics serve per analizzare il comportamento degli utenti sul nostro sito web. La base giuridica \u00e8 l&#8217;art. 6, par. 1, lett. f) del GDPR. Il nostro interesse legittimo consiste nell&#8217;analisi, nell&#8217;ottimizzazione e nella gestione economica del nostro sito web.    <\/p>\n\n<p>Informazioni relative all&#8217;uso e all&#8217;utente, come ad esempio l&#8217;indirizzo IP, il luogo, l&#8217;orario o la frequenza di visita del nostro sito web, vengono trasmesse a un server di Google negli Stati Uniti e l\u00ec memorizzate. Tuttavia, utilizziamo Google Analytics con la cosiddetta funzione di anonimizzazione. Grazie a questa funzione, Google abbrevia l&#8217;indirizzo IP gi\u00e0 all&#8217;interno dell&#8217;UE o dello SEE.   <\/p>\n\n<p>I dati raccolti in questo modo vengono a loro volta utilizzati da Google per fornirci un&#8217;analisi sulla visita del nostro sito Internet e sulle attivit\u00e0 svolte sullo stesso. Questi dati possono anche essere utilizzati per fornire ulteriori servizi collegati all&#8217;utilizzo del nostro sito Internet e alla navigazione su Internet. <\/p>\n\n<p>Google afferma di non collegare il tuo indirizzo IP ad altri dati. Inoltre, Google conserva sotto <br\/><a href=\"https:\/\/www.google.com\/intl\/de\/policies\/privacy\/partners\" target=\"_blank\" rel=\"noreferrer noopener nofollow\">https:\/\/www.google.com\/intl\/de\/policies\/privacy\/partners<\/a> mette a disposizione ulteriori informazioni sulla protezione dei dati per voi, ad esempio anche sulle possibilit\u00e0 di bloccare l&#8217;utilizzo dei dati. <\/p>\n\n<p>Inoltre, Google offre al seguente link <a href=\"https:\/\/tools.google.com\/dlpage\/gaoptout?hl=de\" target=\"_blank\" rel=\"noreferrer noopener nofollow\">https:\/\/tools.google.com\/dlpage\/gaoptout?hl=de<\/a> un cosiddetto componente aggiuntivo per la disattivazione, insieme ad ulteriori informazioni a riguardo. Questo componente aggiuntivo pu\u00f2 essere installato con i browser Internet pi\u00f9 diffusi e offre ulteriori possibilit\u00e0 di controllo sui dati che Google raccoglie alla visita del nostro sito web. In tal modo, il componente aggiuntivo comunica al JavaScript (ga.js) di Google Analytics che le informazioni sulla visita del nostro sito non devono essere trasmesse a Google Analytics. Tuttavia, ci\u00f2 non impedisce che informazioni vengano trasmesse a noi o ad altri servizi di analisi web. Se e quali altri servizi di analisi web utilizziamo, lo scoprirai naturalmente anche in questa informativa sulla privacy.    <\/p>\n\n<h4 class=\"wp-block-heading\">Google-Maps<\/h4>\n\n<p>Nel nostro sito internet utilizziamo Google Maps per mostrare la nostra posizione e per creare un percorso di arrivo. Si tratta di un servizio fornito da Google Ireland Limited, Gordon House, Barrow Street, Dublin 4, Irlanda (\u201cGoogle\u201d). <\/p>\n\n<p>Attraverso la certificazione secondo lo Scudo per la protezione dei dati UE-USA (\u00abEU-US Privacy Shield\u00bb)<br\/>\n  <a href=\"https:\/\/www.privacyshield.gov\/participant?id=a2zt000000001L5AAI&amp;status=Active\" target=\"_blank\" rel=\"noreferrer noopener nofollow\">https:\/\/www.privacyshield.gov\/participant?id=a2zt000000001L5AAI&amp;status=Active<\/a>\n  <br\/>Google garantisce che le normative sulla protezione dei dati dell&#8217;UE vengano rispettate anche nel trattamento dei dati negli Stati Uniti.\n<\/p>\n\n<p>Per consentire la visualizzazione di determinati caratteri sul nostro sito web, quando si visita il nostro sito viene stabilita una connessione al server Google negli Stati Uniti.<\/p>\n\n<p>Se si accede al componente Google Maps integrato nel nostro sito web, Google memorizza un cookie sul vostro dispositivo tramite il browser Internet. Per visualizzare la nostra posizione e creare un percorso, vengono elaborate le impostazioni e i dati dell&#8217;utente. In questo processo, non possiamo escludere che Google utilizzi server negli Stati Uniti.  <\/p>\n\n<p>La base giuridica \u00e8 l&#8217;art. 6, par. 1, lett. f) del GDPR. Il nostro interesse legittimo risiede nell&#8217;ottimizzazione della funzionalit\u00e0 del nostro sito web.   <\/p>\n\n<p>Attraverso la connessione cos\u00ec stabilita con Google, Google pu\u00f2 determinare da quale sito web \u00e8 stata inviata la tua richiesta e a quale indirizzo IP deve essere inviata la descrizione del percorso.<\/p>\n\n<p>Se non siete d&#8217;accordo con questo trattamento, avete la possibilit\u00e0 di impedire l&#8217;installazione dei cookie tramite le impostazioni corrispondenti del vostro browser Internet. Ulteriori dettagli si trovano sopra, alla voce &#8220;Cookie&#8221;. <\/p>\n\n<p>Inoltre, l&#8217;utilizzo di Google Maps e delle informazioni ottenute tramite Google Maps avviene secondo i termini di utilizzo di Google <a href=\"https:\/\/policies.google.com\/terms?gl=DE&amp;hl=de\" target=\"_blank\" rel=\"noreferrer noopener nofollow\">https:\/\/policies.google.com\/terms?gl=DE&amp;hl=de<\/a> e i termini di servizio di Google Maps <a href=\"https:\/\/www.google.com\/intl\/de_de\/help\/terms_maps.html\" target=\"_blank\" rel=\"noreferrer noopener nofollow\">https:\/\/www.google.com\/intl\/de_de\/help\/terms_maps.html<\/a>.<\/p>\n\n<p>Inoltre, Google offre ulteriori informazioni su <a href=\"https:\/\/adssettings.google.com\/authenticated\" target=\"_blank\" rel=\"noreferrer noopener nofollow\">https:\/\/adssettings.google.com\/authenticated<\/a> e<a href=\"https:\/\/policies.google.com\/privacy\" target=\"_blank\" rel=\"noreferrer noopener nofollow\"> https:\/\/policies.google.com\/privacy<\/a>.<\/p>\n\n<h4 class=\"wp-block-heading\">Google reCAPTCHA<\/h4>\n\n<p>Nel nostro sito web utilizziamo Google reCAPTCHA per verificare e prevenire interazioni sul nostro sito web da parte di accessi automatizzati, ad esempio tramite cosiddetti bot. Si tratta di un servizio di Google Ireland Limited, Gordon House, Barrow Street, Dublin 4, Irlanda (&#8216;Google&#8217;).  <\/p>\n\n<p>Attraverso la certificazione secondo lo Scudo per la protezione dei dati UE-USA (\u00abEU-US Privacy Shield\u00bb) <a href=\"https:\/\/www.privacyshield.gov\/participant?id=a2zt000000001L5AAI&amp;status=Active\" target=\"_blank\" rel=\"noreferrer noopener nofollow\">https:\/\/www.privacyshield.gov\/participant?id=a2zt000000001L5AAI&amp;status=Active<\/a> Google garantisce che le norme sulla protezione dei dati dell&#8217;UE vengano rispettate anche quando i dati sono trattati negli Stati Uniti.<\/p>\n\n<p>Attraverso questo servizio, Google pu\u00f2 determinare da quale sito web viene inviata una richiesta e da quale indirizzo IP si utilizza la cosiddetta casella di immissione reCAPTCHA. Oltre al tuo indirizzo IP, potrebbero essere raccolte ulteriori informazioni da Google, necessarie per l&#8217;erogazione e la garanzia di questo servizio. <\/p>\n\n<p>La base giuridica \u00e8 l&#8217;art. 6, comma 1, lettera f) del GDPR. Il nostro interesse legittimo risiede nella sicurezza del nostro sito Internet e nella prevenzione di accessi indesiderati e automatizzati sotto forma di spam o simili.<\/p>\n\n<p>Google offre ulteriori informazioni sul trattamento generale dei tuoi dati utente su <a href=\"https:\/\/policies.google.com\/privacy\" target=\"_blank\" rel=\"noreferrer noopener nofollow\">https:\/\/policies.google.com\/privacy<\/a>.<\/p>\n\n<h4 class=\"wp-block-heading\">Google Fonts<\/h4>\n\n<p>Nel nostro sito web utilizziamo Google Fonts per la visualizzazione di caratteri esterni. Si tratta di un servizio fornito da Google Ireland Limited, Gordon House, Barrow Street, Dublino 4, Irlanda (\u201cGoogle\u201d). <\/p>\n\n<p>Attraverso la certificazione secondo lo Scudo per la protezione dei dati UE-USA (\u00abEU-US Privacy Shield\u00bb) <a href=\"https:\/\/www.privacyshield.gov\/participant?id=a2zt000000001L5AAI&amp;status=Active\" target=\"_blank\" rel=\"noreferrer noopener nofollow\">https:\/\/www.privacyshield.gov\/participant?id=a2zt000000001L5AAI&amp;status=Active<\/a> Google garantisce che le norme sulla protezione dei dati dell&#8217;UE vengano rispettate anche quando i dati sono trattati negli Stati Uniti.<\/p>\n\n<p>Per consentire la visualizzazione di determinati caratteri sul nostro sito web, quando si visita il nostro sito viene stabilita una connessione al server Google negli Stati Uniti.<\/p>\n\n<p>La base giuridica \u00e8 l&#8217;art. 6, par. 1, lett. f) del GDPR. Il nostro interesse legittimo risiede nell&#8217;ottimizzazione e nella gestione economica del nostro sito web.   <\/p>\n\n<p>Attraverso la connessione a Google stabilita al momento dell&#8217;accesso al nostro sito web, Google pu\u00f2 determinare da quale sito web \u00e8 stata inviata la richiesta e a quale indirizzo IP inviare la visualizzazione del carattere.<\/p>\n\n<p>Google offre ulteriori informazioni su <a href=\"https:\/\/adssettings.google.com\/authenticated\" target=\"_blank\" rel=\"noreferrer noopener nofollow\">https:\/\/adssettings.google.com\/authenticated <\/a>e su <a href=\"https:\/\/policies.google.com\/privacy\" target=\"_blank\" rel=\"noreferrer noopener nofollow\">https:\/\/policies.google.com\/privacy<\/a>,in particolare riguardo alle possibilit\u00e0 di limitare l&#8217;uso dei dati.<\/p>\n\n<h4 class=\"wp-block-heading\">YouTube<\/h4>\n\n<p>Sul nostro sito Internet utilizziamo YouTube. YouTube \u00e8 una filiale di Google Ireland Limited, Gordon House, Barrow Street, Dublino 4, Irlanda (\u201cGoogle\u201d). <\/p>\n\n<p>Attraverso la certificazione secondo lo scudo per la protezione dei dati UE-USA (\u00abEU-US Privacy Shield\u00bb)<br\/>\n  <a href=\"https:\/\/www.privacyshield.gov\/participant?id=a2zt000000001L5AAI&amp;status=Active\" target=\"_blank\" rel=\"noreferrer noopener nofollow\">https:\/\/www.privacyshield.gov\/participant?id=a2zt000000001L5AAI&amp;status=Active<\/a>\n  <br\/>Google, e quindi anche la sua controllata YouTube, garantisce che le norme sulla protezione dei dati dell&#8217;UE vengano rispettate anche durante il trattamento dei dati negli Stati Uniti.\n<\/p>\n\n<p>Utilizziamo YouTube in connessione con la funzione \u201cModalit\u00e0 di protezione avanzata dei dati\u201d per poterle mostrare i video. La base giuridica \u00e8 l&#8217;art. 6, comma 1, lett. f) del GDPR. Il nostro interesse legittimo risiede nel miglioramento della qualit\u00e0 del nostro sito web. Secondo le informazioni fornite da YouTube, la funzione \u201cModalit\u00e0 di protezione avanzata dei dati\u201d comporta che i dati successivamente specificati vengano trasmessi al server di YouTube solo se avvia effettivamente un video.     <\/p>\n\n<p>Senza questa &#8220;Protezione avanzata della privacy&#8221;, si stabilir\u00e0 una connessione al server di YouTube negli Stati Uniti non appena visiterete una delle nostre pagine Internet in cui \u00e8 incorporato un video di YouTube.<\/p>\n\n<p>Questa connessione \u00e8 necessaria per poter visualizzare il rispettivo video sul nostro sito web tramite il vostro browser Internet. Nel corso di tale processo, YouTube raccoglier\u00e0 e elaborer\u00e0 almeno il vostro indirizzo IP, la data e l&#8217;ora, nonch\u00e9 il sito web visitato da voi. Inoltre, verr\u00e0 stabilita una connessione con la rete pubblicitaria &#8220;DoubleClick&#8221; di Google.  <\/p>\n\n<p>Se sei contemporaneamente connesso a YouTube, YouTube assocer\u00e0 le informazioni di connessione al tuo account YouTube. Se desideri evitarlo, devi effettuare il logout da YouTube prima di visitare il nostro sito web o modificare le impostazioni corrispondenti nel tuo account YouTube. <\/p>\n\n<p>Ai fini della funzionalit\u00e0 e per l&#8217;analisi del comportamento degli utenti, YouTube memorizza in modo permanente i cookie tramite il tuo browser Internet sul tuo dispositivo. Se non sei d&#8217;accordo con questo trattamento, hai la possibilit\u00e0 di impedire la memorizzazione dei cookie tramite le impostazioni del tuo browser Internet. Ulteriori informazioni a riguardo sono disponibili sopra alla voce &#8220;Cookie&#8221;.  <\/p>\n\n<p>Ulteriori informazioni sulla raccolta e l&#8217;utilizzo dei dati, nonch\u00e9 sui vostri relativi diritti e sulle possibilit\u00e0 di protezione, sono disponibili nelle informative sulla privacy di Google al seguente indirizzo: <a href=\"https:\/\/policies.google.com\/privacy\" target=\"_blank\" rel=\"noreferrer noopener nofollow\">https:\/\/policies.google.com\/privacy<\/a><\/p>\n\n<p>L&#8217;informativa sulla privacy \u00e8 stata redatta con l&#8217;ausilio del modello di <a href=\"https:\/\/www.ratgeberrecht.eu\/leistungen\/muster-datenschutzerklaerung.html\" target=\"_blank\" rel=\"noreferrer noopener nofollow\">informativa sulla privacy<\/a> dello <a href=\"https:\/\/www.ratgeberrecht.eu\/\" target=\"_blank\" rel=\"noreferrer noopener nofollow\">studio legale Wei\u00df &amp; Partne<\/a>r.<\/p>\n","protected":false},"excerpt":{"rendered":"<p>I dati personali (di seguito generalmente denominati solo &#8220;dati&#8221;) vengono trattati da noi solo nella misura necessaria e allo scopo di fornire un sito Internet funzionante e user-friendly, inclusi i suoi contenuti e i servizi offerti. Ai sensi dell&#8217;art. 4, paragrafo 1, del Regolamento (UE) 2016\/679, ossia del Regolamento generale sulla protezione dei dati (di [&hellip;]<\/p>\n","protected":false},"author":1,"featured_media":0,"parent":0,"menu_order":0,"comment_status":"closed","ping_status":"open","template":"","meta":{"footnotes":""},"class_list":["post-1166","page","type-page","status-publish","hentry"],"_links":{"self":[{"href":"https:\/\/landler-ahrntal.it\/it\/wp-json\/wp\/v2\/pages\/1166","targetHints":{"allow":["GET"]}}],"collection":[{"href":"https:\/\/landler-ahrntal.it\/it\/wp-json\/wp\/v2\/pages"}],"about":[{"href":"https:\/\/landler-ahrntal.it\/it\/wp-json\/wp\/v2\/types\/page"}],"author":[{"embeddable":true,"href":"https:\/\/landler-ahrntal.it\/it\/wp-json\/wp\/v2\/users\/1"}],"replies":[{"embeddable":true,"href":"https:\/\/landler-ahrntal.it\/it\/wp-json\/wp\/v2\/comments?post=1166"}],"version-history":[{"count":0,"href":"https:\/\/landler-ahrntal.it\/it\/wp-json\/wp\/v2\/pages\/1166\/revisions"}],"wp:attachment":[{"href":"https:\/\/landler-ahrntal.it\/it\/wp-json\/wp\/v2\/media?parent=1166"}],"curies":[{"name":"wp","href":"https:\/\/api.w.org\/{rel}","templated":true}]}}