{"id":1172,"date":"2025-09-16T23:48:07","date_gmt":"2025-09-16T21:48:07","guid":{"rendered":"https:\/\/landler-ahrntal.it\/appartamento-per-le-vacanze-klausberg\/"},"modified":"2025-10-06T15:45:40","modified_gmt":"2025-10-06T13:45:40","slug":"appartamento-per-le-vacanze-klausberg","status":"publish","type":"page","link":"https:\/\/landler-ahrntal.it\/it\/appartamento-per-le-vacanze-klausberg\/","title":{"rendered":"Appartamento per le vacanze &#8220;Klausberg&#8221;"},"content":{"rendered":"\n<div class=\"wp-block-columns is-layout-flex wp-container-core-columns-is-layout-28f84493 wp-block-columns-is-layout-flex\">\n<div class=\"wp-block-column is-layout-flow wp-block-column-is-layout-flow\" style=\"flex-basis:33.33%\">\n<p>L&#8217;appartamento per le vacanze Klausberg \u00e8 completamente attrezzato. Basta trasferirsi e la vacanza pu\u00f2 iniziare. <\/p>\n\n\n\n<h3 class=\"wp-block-heading\">Distribuzione degli spazi<\/h3>\n\n\n\n<div style=\"height:10px\" aria-hidden=\"true\" class=\"wp-block-spacer\"><\/div>\n\n\n\n<ul class=\"wp-block-list\">\n<li>1 Camera da letto <\/li>\n\n\n\n<li>1 Bagno con doccia <\/li>\n\n\n\n<li>Anticamera <\/li>\n\n\n\n<li>Cucina abitabile<\/li>\n\n\n\n<li>Terrazza con zona pranzo<\/li>\n\n\n\n<li>posto auto gratuito<\/li>\n<\/ul>\n\n\n\n<div style=\"height:10px\" aria-hidden=\"true\" class=\"wp-block-spacer\"><\/div>\n\n\n\n<p>L&#8217;appartamento per le vacanze \u00e8 arredato in modo moderno e luminoso e offre una splendida vista sulla Val Aurina.<\/p>\n\n\n\n<p><strong>La dimensione di 44 m\u00b2 \u00e8 ideale per 2 persone.<\/strong><\/p>\n\n\n\n<div class=\"wp-block-group is-layout-constrained wp-block-group-is-layout-constrained\">\n<h3 class=\"wp-block-heading\">Prezzo per pernottamento<\/h3>\n\n\n\n<p class=\"has-primary-color has-text-color has-link-color has-medium-font-size wp-elements-574e4b7564d88806187f384f01cc49bd\">Prezzo giornaliero per 2 persone: 120 \u20ac<\/p>\n\n\n\n<p>Durata minima della prenotazione: 3 giorni<\/p>\n\n\n\n<p>Pulizia finale: 45,00 \u20ac<\/p>\n\n\n\n<p><strong>Persona aggiuntiva<\/strong>:<br \/>Adulto: 30,00 \u20ac<br \/>Bambini da 3 a 12 anni: 15,00 \u20ac<br \/>Tassa locale:<br \/>2,40 \u20ac al giorno a personaPersona aggiuntiva:Adulto: 30,00 Euro<\/p>\n<\/div>\n<\/div>\n\n\n\n<div class=\"wp-block-column is-layout-flow wp-block-column-is-layout-flow\" style=\"flex-basis:66.66%\">\n<figure class=\"wp-block-image size-full\"><img loading=\"lazy\" decoding=\"async\" width=\"800\" height=\"536\" src=\"https:\/\/landler-ahrntal.it\/wp-content\/uploads\/ferienwohnung-ahrntal-klausberg-02-800.jpg\" alt=\"\" class=\"wp-image-564\" srcset=\"https:\/\/landler-ahrntal.it\/wp-content\/uploads\/ferienwohnung-ahrntal-klausberg-02-800.jpg 800w, https:\/\/landler-ahrntal.it\/wp-content\/uploads\/ferienwohnung-ahrntal-klausberg-02-800-300x201.jpg 300w, https:\/\/landler-ahrntal.it\/wp-content\/uploads\/ferienwohnung-ahrntal-klausberg-02-800-768x515.jpg 768w\" sizes=\"auto, (max-width: 800px) 100vw, 800px\" \/><\/figure>\n\n\n\n<div style=\"height:25px\" aria-hidden=\"true\" class=\"wp-block-spacer\"><\/div>\n\n\n\n<h3 class=\"wp-block-heading has-text-align-center\"><a href=\"https:\/\/landler-ahrntal.it\/it\/appartamento-per-le-vacanze-klausberg\/\" data-type=\"post\" data-id=\"727\" target=\"_blank\" rel=\"noreferrer noopener\">Dotazione \/ Pianta<\/a><\/h3>\n<\/div>\n<\/div>\n\n<p class=\"has-text-align-center nav-cta has-white-color has-text-color has-background has-link-color has-medium-font-size wp-elements-693bc854398e762b1f2211049e8249f7\" style=\"background-color:#3e322f\"><a href=\"https:\/\/landler-ahrntal.it\/it\/prenotazione-richiesta-di-prenotazione\/\" target=\"_blank\" rel=\"noreferrer noopener\">Prenota ora &#8230;<\/a><\/p>\n","protected":false},"excerpt":{"rendered":"<p>L&#8217;appartamento per le vacanze Klausberg \u00e8 completamente attrezzato. Basta trasferirsi e la vacanza pu\u00f2 iniziare. Distribuzione degli spazi L&#8217;appartamento per le vacanze \u00e8 arredato in modo moderno e luminoso e offre una splendida vista sulla Val Aurina. La dimensione di 44 m\u00b2 \u00e8 ideale per 2 persone. Prezzo per pernottamento Prezzo giornaliero per 2 persone: [&hellip;]<\/p>\n","protected":false},"author":1,"featured_media":0,"parent":0,"menu_order":0,"comment_status":"closed","ping_status":"closed","template":"page-templates\/page-sidebar-none.php","meta":{"footnotes":""},"class_list":["post-1172","page","type-page","status-publish","hentry"],"_links":{"self":[{"href":"https:\/\/landler-ahrntal.it\/it\/wp-json\/wp\/v2\/pages\/1172","targetHints":{"allow":["GET"]}}],"collection":[{"href":"https:\/\/landler-ahrntal.it\/it\/wp-json\/wp\/v2\/pages"}],"about":[{"href":"https:\/\/landler-ahrntal.it\/it\/wp-json\/wp\/v2\/types\/page"}],"author":[{"embeddable":true,"href":"https:\/\/landler-ahrntal.it\/it\/wp-json\/wp\/v2\/users\/1"}],"replies":[{"embeddable":true,"href":"https:\/\/landler-ahrntal.it\/it\/wp-json\/wp\/v2\/comments?post=1172"}],"version-history":[{"count":0,"href":"https:\/\/landler-ahrntal.it\/it\/wp-json\/wp\/v2\/pages\/1172\/revisions"}],"wp:attachment":[{"href":"https:\/\/landler-ahrntal.it\/it\/wp-json\/wp\/v2\/media?parent=1172"}],"curies":[{"name":"wp","href":"https:\/\/api.w.org\/{rel}","templated":true}]}}